{"id":131,"date":"2026-04-25T21:23:47","date_gmt":"2026-04-25T18:23:47","guid":{"rendered":"https:\/\/ulm.iul-nasu.org.ua\/?page_id=131"},"modified":"2026-04-30T01:15:20","modified_gmt":"2026-04-29T22:15:20","slug":"uk-etymologichni-notatky-1-7","status":"publish","type":"page","link":"https:\/\/ulm.iul-nasu.org.ua\/en\/uk-etymologichni-notatky-1-7.html","title":{"rendered":"ETYMOLOGICAL NOTES. 1\u20137"},"content":{"rendered":"<h5 style=\"text-align: right\"><span style=\"color: #333300\"><strong>Journal section:<\/strong> Research articles<\/span><br \/>\n<span style=\"color: #333300\"><strong>Language:<\/strong> Ukrainian<\/span><br \/>\n<a href=\"https:\/\/creativecommons.org\/licenses\/by\/4.0\/deed.uk.\" target=\"_blank\" rel=\"noopener\"><img loading=\"lazy\" decoding=\"async\" class=\"alignnone size-full wp-image-748\" src=\"http:\/\/ulm.iul-nasu.org.ua\/wp-content\/uploads\/sites\/13\/2026\/04\/creative.png\" alt=\"\" width=\"88\" height=\"31\" \/><\/a><\/h5>\n<p><span style=\"color: #333300\"><strong>DOI:<\/strong> <a href=\"https:\/\/doi.org\/10.37919\/3083-6212.2024.1.161-170\" target=\"_blank\" rel=\"noopener\">https:\/\/doi.org\/10.37919\/3083-6212.2024.1.161-170<\/a><\/span><\/p>\n<h4><span style=\"color: #003300\"><strong>V<\/strong><strong>iktor <\/strong><strong>SHULHACH<\/strong><\/span><\/h4>\n<p>Doctor of Philological Science, Head of the Department of History of the Ukrainian Language and Onomastics of the Institute of the Ukrainian Language of the National Academy of Sciences of Ukraine<br \/>\n<a href=\"https:\/\/orcid.org\/0000-0003-1930-3485\">https:\/\/orcid.org\/0000-0003-1930-3485<\/a><br \/>\ne-mail: victor.shulgach@ukr.net<\/p>\n<p>&nbsp;<\/p>\n<p>The article is devoted to the etymological analysis of seven lexemes of the Old Ukrainian language: <em>\u043d\u0430\u043c\u0454\u0442\u0454\u0446\u044a<\/em>, <em>\u0433\u0438\u0431<\/em><em>\u0463<\/em><em>\u044e(\u0442)<\/em>, <em>\u0447\u0438\u043d\u044c\u0431\u0430<\/em>, <em>\u043e\u043f\u043e\u0441\u043b<\/em><em>\u0463<\/em>, <em>\u0437\u0438\u0434\u0430\u0442\u0435\u043b\u044c<\/em>, <em>\u043e\u0437\u0438\u043c\u044f<\/em>, <em>\u043e\u0441\u0442\u0435\u043d\u044a<\/em>. For the etymological procedure, the author uses the available cognates of Slavonic languages. Potential Proto-Slavonic archetypes *<em>namet\u044cc\u044c<\/em>, *<em>\u010din\u044cba<\/em>, *<em>ob posl\u011b<\/em>, *<em>zidatel\u044c<\/em>, *<em>obzim\u0119<\/em>, &#8211;<em>\u0119te<\/em> are reconstructed. The dictionary entries *<em>gyb\u011bti<\/em>, *<em>ost\u044cn\u044a<\/em>, reconstructed in the Etymological Dictionary of Slavic Languages, are supplemented. The dictionary entries under the slogans *<em>gyb\u011bti<\/em>, *<em>ost\u044cn\u044a<\/em>, reconstructed in the Etymological Dictionary of Slavonic Languages, are supplemented.<\/p>\n<p><strong>Keywords<\/strong>: Old Ukrainian language, vocabulary, etymology, etymological analysis, reconstruction, archetype.<\/p>\n<p>&nbsp;<\/p>\n<p><span style=\"color: #333300\"><strong>LEGEND<\/strong><\/span><\/p>\n<p><strong>\u0410\u0440\u043a\u0443\u0448\u0438\u043d<\/strong> \u2014 Arkushyn, G.L. (2016). <em>Dictionary of Western Polissian dialects<\/em>. 2<sup>nd<\/sup> edition. Lutsk: Volyn regional printing house (in Ukrainian).<br \/>\n<strong>\u0411\u0415\u0420<\/strong> \u2014 Georgiev, V., Galabov, Iv., Zaimov, Y., Ilchev, St. etc. (Eds.). (1971\u20132017). <em>Bulgarian etymological dictionary<\/em>. Sofia: BAS. Vols. 1\u20138. Sighting in progress (in Bulgarian).<br \/>\n<strong>\u0411\u0456\u043b\u0435\u0446\u044c\u043a\u0438\u0439-\u041d\u043e\u0441\u0435\u043d\u043a\u043e<\/strong> \u2014 Biletskyi-Nosenko, P.P. (1966). <em>Dictionary of the Ukrainian language<\/em> \/ adapted to species V.V.\u00a0Nimchuk. Kyiv: Naukova dumka (in Ukrainian).<br \/>\n<strong>\u0411\u0456\u043b\u043e\u0443\u0441<\/strong> \u2014 Bilous, N. (2011). <em>Testaments of Kyivans of the middle of the 16<sup>th<\/sup> \u2013 the first half of the 17<sup>th<\/sup> century<\/em>. Kyiv: Prostir Publishing House (in Old Ukrainian and Ukrainian).<br \/>\n<strong>\u0412\u0421\u0414<\/strong> \u2014 Pivnytskyi, M.D. (Ed.). (2028). <em>Echoes of hoary antiquity, or Word about words. (An attempt to compile an explanatory dictionary of the Butei dialect)<\/em>. Buteiky\u2013 Lutsk: Volyn Polygraph (in Ukrainian).<br \/>\n<strong>\u0413\u0430\u0432\u0440\u0438\u0448<\/strong> \u2014 Gavrish, K. (1969). <em>Macedonian-Russian dictionary<\/em>. Skopje: Prosvetno delo (in Macedonian and Russian).<br \/>\n<strong>\u0413\u0430\u043b\u044f\u0442\u043e\u0432\u0441\u044c\u043a\u0438\u0439<\/strong> \u2014 Galyatovskyi, I. (1985). <em>The key to understanding<\/em> \/ adapted. to species I.P.\u00a0Chepiha. Kyiv: Naukova dumka (in Old Ukrainian).<br \/>\n<strong>\u0413\u043b\u0443\u0445\u043e\u0432\u0446\u0435\u0432\u0430<\/strong> \u2014 Hlukhovtseva, K., Lesnova, V., Nikolayenko, I. etc. (2002). <em>Dictionary of Ukrainian East Slobo<\/em><em>zh<\/em><em>an <\/em><em>dialects<\/em>. Luhansk: Alma Mater (in Ukrainian).<br \/>\n<strong>\u0413\u043e\u043b\u043e\u0432\u0430\u0446\u044c\u043a\u0438\u0439<\/strong><em> \u2014 <\/em>Dzendzelivskyi, Y.O., Ganudel, Z. (1982). Dictionary of the Ukrainian language Y.F. Holovatskyi. <em>Scientific collection of the Museum of Ukrainian Culture in Svydnik<\/em>. Priashiv: Slovak Pedagogical Publishing House in Bratislava. Vol. 10, pp. 311\u2013612 (in Ukrainian).<br \/>\n<strong>\u0413\u0440\u0456\u043d\u0447\u0435\u043d\u043a\u043e<\/strong> \u2014 Hrinchenko, B. (Ed.). (1907\u20131909). <em>Dictionary of the Ukrainian language<\/em>. (Vols. 1\u20134). Kyiv: Publishing House of the Academy of Sciences of the Ukrainian (in Ukrainian).<br \/>\n<strong>\u0413\u0421\u0411\u041c<\/strong> \u2014 Bulyka, A.M. (Ed.). (1982\u20132017). <em>Historical dictionary of the Belarusian language<\/em>. (Issue 1\u201337). Minsk: Science and Technology (in Belarusian).<br \/>\n<strong>\u0414\u0430\u043b\u044c<\/strong> \u2014 Dal, V.I. (1981\u20131982). <em>Explanatory dictionary of the living Great Russian language<\/em>. (Vols. 1\u20134). Moscow: Russian language (in Russian).<br \/>\n<strong>\u0414\u0430\u043d\u0438\u0447\u0438\u045b<\/strong> \u2014 Danichi\u0107, \u0110. (1975). <em>Dictionary of Serbian literary antiquities<\/em>. (Vols. 1\u20133). Belgrade: Mladinska kniha (in Serbian).<br \/>\n<strong>\u0415\u0421\u0423\u041c<\/strong> \u2014 Melnychuk, O.S. (Ed.). (1982\u20132012). <em>Etymological dictionary of the Ukrainian language.<\/em> (Vols. 1\u20136). Kyiv: Naukova dumka (in Ukrainian).<br \/>\n<strong>\u0417\u0438\u0437\u0430\u043d\u0456\u0439<\/strong> \u2014 Nimchuk, V.V. (Ed.). (1964). <em>Lexis Lavrentia Zizania. Synonym Slavenorosskaya<\/em>. Kyiv: Naukova dumka (in Old Ukrainian).<br \/>\n<strong>\u0417\u0456\u043d\u043e\u0432\u0456\u0457\u0432<\/strong> \u2014 Zinoviiv, K. (1971). <em>Verses. Common proverbs<\/em> \/ adapted text of I.P.\u00a0Chepiha. Kyiv: Naukova dumka (in Old Ukrainian and Ukrainian).<br \/>\n<strong>\u0418\u043b\u0447\u0435\u0432<\/strong> \u2014 Ilchev, S. (1969). <em>Dictionary of personal and family names among Bulgarians<\/em>. Sofia: BAS (in Bulgarian).<br \/>\n<strong>\u041a\u0430\u0441\u044c\u043f\u044f\u0440\u043e\u0432\u0456\u0447<\/strong> \u2014 Kaspyarovich, M.I. (1927). <em>Vitebsk<\/em> <em>regional<\/em> <em>dictionary<\/em><em> (<\/em><em>materials<\/em><em>)<\/em>. Vitebsk: Zarya Zapada (in Belarusian).<br \/>\n<strong>\u041a\u0443\u0440\u0446\u043e\u0432\u0430<\/strong> \u2014 Kurtsova, V.M. (2001). From the native word. <em>Our living word: Dialectological collection (To the 90th anniversary of Yu.F. Matskevich)<\/em>. Minsk: Belarusian Science. P.\u00a098\u2013110 (in Belarusian).<br \/>\n<strong>\u041a\u0443\u0447\u0443\u043a, \u041c\u0430\u043b\u044e\u043a<\/strong> \u2014 Kuchuk, I.M., Malyuk, A.K. (2000). <em>Polissia dictionary: Lelchytsky district<\/em>. Mazyr: MazDPI named after N.K. Krupskaya (in Ukrainian).<br \/>\n<strong>\u041b\u0430\u0432\u0440\u043e\u0432\u0441\u043a\u0438\u0439<\/strong> \u2014 Lavrovsky, P. (1870). <em>Serbian-Russian Dictionary<\/em>. St. Petersburg (in Serbian and Russian).<br \/>\n<strong>\u041c\u0430\u0440\u0442\u0438\u043d\u043e\u0432\u0430, \u0429\u0435\u0440\u0431\u0438\u043d\u0430<\/strong> \u2014 Martynova, G.I., Shcherbina, T.V. (2020). <em>Dictionary of Middle Transdnieper dialects<\/em>. Cherkasy: Yu.A. Chabanenko Publisher (in Ukrainian).<br \/>\n<strong>\u041f\u0404<\/strong> \u2014 Chepiha, I.P. (Ed.). (2011). <em>Peresopnytsia Gospel 1556\u20131561. Research. Transliterated text. Word index<\/em>. Kyiv (in Old Ukrainian and Ukrainian).<br \/>\n<strong>\u041f\u0456\u043f\u0430\u0448, \u0413\u0430\u043b\u0430\u0441<\/strong> \u2014 Pipash. Y.O., Halas, B.K. (2005). <em>Materials for a dictionary of Hutsul <\/em><em>dialects<\/em><em> (Kosivska Polyana and Rosishka, Rakhiv district, Zakarpattia region)<\/em>. Uzhgorod: Uzhgorod National University (in Ukrainian).<br \/>\n<strong>\u041f\u041b<\/strong> \u2014 Peredrienko, V.A. (Ed.). (1987). <em>Private letters of the 18<sup>th<\/sup> century<\/em>. Kyiv: Naukova dumka (in Old Ukrainian and Ukrainian).<br \/>\n<strong>\u041f\u043e\u043d\u043e\u043c\u0430\u0440<\/strong> \u2014 Ponomar, L.H. (2015). <em>Folk clothing of the Right Bank Polissia of the mid-19<sup>th<\/sup> <\/em><em>\u2013<\/em><em> mid-20<sup>th<\/sup> centuries: Historical and ethnographic atlas. Dictionary<\/em>. Kyiv: Business Polygraph LLC (in Ukrainian).<br \/>\n<strong>\u0420\u0435\u0447\u043d\u0438\u043a \u041f\u041a\u041c<\/strong> \u2014 Korobar-Belcheva, M., Mitkov, M., Dental, T. (1994). <em>Dictionary<\/em> <em>of<\/em> <em>Macedonian<\/em> <em>surnames<\/em>. Skopje: Institute for the Macedonian language \u201cKrste Misirkov\u201d. Vol.\u00a0I (in Macedonian).<br \/>\n<strong>\u0421\u0411\u0413<\/strong> \u2014 Matskevich, Yu.F. (Ed.). (1979). <em>Dictionary of Belarusian dialects of north-western Belarus and its border: in 5 volumes<\/em>. Vol.\u00a01 (in Belarusian).<br \/>\n<strong>\u0421\u0411\u0406<\/strong> \u2014 Hrytsenko, P.Yu. (Ed.). (2018). <em>Dictionary of Ukrainian <\/em><em>dialects<\/em><em> of the Buzka-Ingul River Basin: About 20,000 dialecticisms<\/em>. Mykolaiv: Ilion (in Ukrainian).<br \/>\n<strong>\u0421\u0411\u0443\u043a.\u0413 <\/strong>\u2014 Huyvanyuk, N.V. (Ed.). (2005). <em>Dictionary of Bukovinian dialects<\/em>. Chernivtsi: Ruta (in Ukrainian).<br \/>\n<strong>\u0421\u0414\u0420\u042f<\/strong> \u2014 Avanesov, R.I., Ulukhanov, I.S., Krysko, V.B. (Eds.). (1988\u20132019). <em>Dictionary of the Old Russian language (XI<\/em><em>\u2013<\/em><em>XIV centuries)<\/em>. (Vols. 1\u201312). Moscow: Azbukovnik (in Old Ukrainian and Russian).<br \/>\n<strong>\u0421\u043b\u0430\u0432\u0438\u043d\u0435\u0446\u044c\u043a\u0438\u0439<\/strong> \u2014 Nimchuk, V.V. (Ed.). (1973). <em>Latin Lexicon by E.\u00a0Slavynetskyi. Slovene-Latin lexicon by E.\u00a0Slavynetskyi and A.\u00a0Koretskyi-Satanovskyi<\/em>. Kyiv: Naukova dumka (in Old Ukrainian and Ukrainian).<br \/>\n<strong>\u0421\u043b.\u0420\u042f XI\u2013XVII<\/strong> \u2014 <em>Dictionary of the Russian language of the XI\u2212XVII centuries<\/em>. (1975\u22122019). (Issues 1\u201331). Moscow: Nauka (in Russian).<br \/>\n<strong>\u0421\u0440\u0435\u0437\u043d\u0435\u0432\u0441\u043a\u0438\u0439<\/strong> \u2014 Sreznevsky, I.I. (1958). <em>Materials for the dictionary of the Old Russian language<\/em>. (Vols. 1\u20133). Moscow: State publishing house of foreign and national dictionaries (in Old Russian).<br \/>\n<strong>\u0421\u0420\u041d\u0413<\/strong> \u2014 Filin, F.P., Sorokoletov, F.P., Myznikov, S.A. (Eds.). (1965\u20132021). <em>Dictionary of Russian folk dialects<\/em>. (Issue. 1\u201352). Moscow\u2013Leningrad: Science (in Russian).<br \/>\n<strong>\u0421\u0421\u0423\u041c <\/strong><strong>XIV<\/strong><strong>\u2013<\/strong><strong>XV<\/strong> \u2014 Humetska, L.L. (Ed.). (1977\u20131978). <em>Dictionary of the Old Ukrainian language of the 14<sup>th<\/sup>\u201315<sup>th<\/sup> centuries<\/em>. (Vols. 1\u20132). Kyiv: Naukova dumka (in Old Ukrainian and Ukrainian).<br \/>\n<strong>\u0421\u0442\u043e\u044f\u043d\u043e\u0432<\/strong> \u2014 Stoyanov, I.A., Chmyr, O.R. (1988). <em>Bulgarian-Ukrainian dictionary<\/em>. Kyiv: Naukova dumka (in Bulgarian and Ukrainian).<br \/>\n<strong>\u0421\u0442\u043e<\/strong><strong>j<\/strong><strong>\u0430\u043d\u043e\u0432\u0438\u0127<\/strong> \u2014 Stojanovi\u0127, R. (2010). <em>Crnotravski dictionary<\/em>. Belgrade. (Serbian dialectal collection. Book LVII) (in Serbian).<br \/>\n<strong>\u0421\u0423\u041c<\/strong> \u2014 Bilodid, I.K. (Ed.). (1970\u20131980). <em>Dictionary of the Ukrainian language<\/em>. (Vols. 1\u201311). Kyiv: Naukova dumka (in Ukrainian).<br \/>\n<strong>\u0422\u0438\u043c\u0447\u0435\u043d\u043a\u043e<\/strong> \u2014 Tymchenko, E. (2002\u20132003). <em>Materials for the dictionary of the written and book Ukrainian language of the <\/em><em>15<sup>th<\/sup><\/em><em>\u2013<\/em><em>18<sup>th<\/sup> <\/em><em>centuries<\/em>. (Vols. 1\u20132). Kyiv\u2013New York: Press of Ukraine (in Ukrainian).<br \/>\n<strong>\u0422\u0421<\/strong> \u2014 Krivitskyi, A.A. (Ed.). (1982\u20131987). <em>Turovsky dictionary<\/em>. (Vols. 1\u20135). Minsk: Science and Technology (in Belarusian).<br \/>\n<strong>\u0423\u041b <\/strong><strong>XIV<\/strong><strong>\u2013<\/strong><strong>XVI<\/strong><strong>\u00a0\u0441\u0442.<\/strong> \u2014 Mykytas, V.L. (Ed.). (1988). <em>Ukrainian literature of the XIV\u2013XVI centuries. Apocrypha. Pilgrimage works. Historiographic works. Polemical works. Translated stories. Poetic works<\/em>. Kyiv: Naukova dumka (in Ukrainian).<br \/>\n<strong>\u0427\u0430\u0431\u0430\u043d\u0435\u043d\u043a\u043e<\/strong> \u2014 Chabanenko, V.A. (1992). <em>Dictionary of <\/em><em>dialects<\/em><em> of the Lower Dnipro region<\/em>. (Vols. 1\u20134). Zaporizhzhia: Komunar (in Ukrainian).<br \/>\n<strong>\u0428\u0430\u0442\u0430\u043b\u0430\u0432\u0430<\/strong> \u2014 Shatalova, L.F. (1975). <em>Belarusian dialect word<\/em>. Minsk: Science and Technology (in Belarusian).<br \/>\n<strong>\u0428\u043a\u0440\u0443\u043c\u0435\u043b\u044f\u043a<\/strong> \u2014 Shkrumelyak, M.S. (2016). <em>Interpretive dictionary-handbook of Hutsul <\/em><em>dialects<\/em>. Ivano-Frankivsk: IFOTSPPK (in Ukrainian).<br \/>\n<strong>\u010c<\/strong><strong>ujec<\/strong><strong>&#8211;<\/strong><strong>Stress<\/strong> \u2014 \u010cujec-Stress,\u00a0H. (2010\u20132014). <em>Dictionary of Zatolmin dialect<\/em>. (Vols. 1\u20132). Zatolmin: Stres in\u017eeniring (in Slovenian).<br \/>\n<strong>ESJS<\/strong> \u2014 Havlov\u00e1, E., Erhart, A., Jany\u0161kov\u00e1, I. (Eds.). (1989\u20132018). <em>Etymological<\/em> <em>dictionary<\/em> <em>of<\/em> <em>the<\/em> <em>Old<\/em> <em>Slavic<\/em> <em>language.<\/em> (Vols. 1\u201319). Praha (Brno): AV\u010cR (in Czech).<br \/>\n<strong>Gregori<\/strong><strong>\u010d<\/strong> \u2014 Gregori\u010d,\u00a0J. (2014). <em>Church<\/em> <em>dictionary<\/em>. Ljubljana: SAZU (in Slovenian).<br \/>\n<strong>Juri<\/strong><strong>\u0161<\/strong><strong>i<\/strong><strong>\u010d<\/strong> \u2014 Juri\u0161i\u010d,\u00a0B. (1966\u20131973). <em>Vocabulary of Vrgada island <\/em><em>dialect<\/em>. (Vols. 1\u20132). Zagreb: JAZU (in Croatian).<br \/>\n<strong>Leksik<\/strong> \u2014 <em>Lexicon of surnames of the Socialist Republic of Croatia<\/em>. (1976). Zagreb (in Croatian).<br \/>\n<strong>Machek<\/strong> \u2014 Machek,\u00a0V. (1968). <em>Etymological dictionary of the Czech language<\/em>. 2<sup>nd<\/sup> edition. Praha: AV\u010cR (in Czech).<br \/>\n<strong>Pleter<\/strong><strong>\u0161<\/strong><strong>nik<\/strong> \u2014 Pleter\u0161nik,\u00a0\u041c. (2006). <em>Slovenian-German dictionary. Transliterated edition<\/em>. (Vols. 1\u20132). Ljubljana: SAZU (in Slovenian and Germany).<br \/>\n<strong>SP<\/strong> \u2014 S\u0142awski, F. (Ed.). (1974\u20132001). <em>Proto<\/em><em>&#8211;<\/em><em>Slavic<\/em> <em>dictionary<\/em>. (Vols. 1\u20138). Wroc\u0142aw etc.: PAN (in Polish).<br \/>\n<strong>SSN<\/strong> \u2014 Ripka, I. (Ed.). (1994\u20132021). <em>Dictionary of Slovak dialects<\/em>. (Vols. 1\u20133). Bratislava: VEDA (in Slovak).<br \/>\n<strong>Tominec<\/strong> \u2014 Tominec,\u00a0I. (1964). <em>\u010crnovr\u0161ka dialect. Short monograph<\/em><em>y<\/em><em> and dictionary<\/em>. Ljubljana: SAZU (in Slovenian).<br \/>\n<strong>ZSSP<\/strong> \u2014Bezlaj, F. (Ed.). (1974). <em>Temporary dictionary of Slovenian surnames<\/em>. Ljubljana: SAZU (in Slovenian).<\/p>\n<p><strong>\u00a0<\/strong><span style=\"color: #333300\"><strong>REFERENCES<\/strong><\/span><\/p>\n<ol>\n<li>Velev, V. (2010). <em>Local names in Pernishko<\/em>. Veliko Tarnovo: Faber (in Bulgarian).<\/li>\n<\/ol>","protected":false},"excerpt":{"rendered":"<p>Journal section: Research articles Language: Ukrainian DOI: https:\/\/doi.org\/10.37919\/3083-6212.2024.1.161-170 Viktor SHULHACH Doctor of Philological Science, Head of the Department of History of the Ukrainian Language and Onomastics of the Institute of the Ukrainian Language of the National Academy of Sciences of Ukraine https:\/\/orcid.org\/0000-0003-1930-3485 e-mail: victor.shulgach@ukr.net &nbsp; The article is devoted to the etymological analysis of seven [&hellip;]<\/p>\n","protected":false},"author":1,"featured_media":0,"parent":0,"menu_order":0,"comment_status":"closed","ping_status":"closed","template":"","meta":{"footnotes":""},"class_list":["post-131","page","type-page","status-publish","hentry"],"_links":{"self":[{"href":"https:\/\/ulm.iul-nasu.org.ua\/en\/wp-json\/wp\/v2\/pages\/131","targetHints":{"allow":["GET"]}}],"collection":[{"href":"https:\/\/ulm.iul-nasu.org.ua\/en\/wp-json\/wp\/v2\/pages"}],"about":[{"href":"https:\/\/ulm.iul-nasu.org.ua\/en\/wp-json\/wp\/v2\/types\/page"}],"author":[{"embeddable":true,"href":"https:\/\/ulm.iul-nasu.org.ua\/en\/wp-json\/wp\/v2\/users\/1"}],"replies":[{"embeddable":true,"href":"https:\/\/ulm.iul-nasu.org.ua\/en\/wp-json\/wp\/v2\/comments?post=131"}],"version-history":[{"count":7,"href":"https:\/\/ulm.iul-nasu.org.ua\/en\/wp-json\/wp\/v2\/pages\/131\/revisions"}],"predecessor-version":[{"id":828,"href":"https:\/\/ulm.iul-nasu.org.ua\/en\/wp-json\/wp\/v2\/pages\/131\/revisions\/828"}],"wp:attachment":[{"href":"https:\/\/ulm.iul-nasu.org.ua\/en\/wp-json\/wp\/v2\/media?parent=131"}],"curies":[{"name":"wp","href":"https:\/\/api.w.org\/{rel}","templated":true}]}}